{"id":2,"date":"2021-04-23T09:21:02","date_gmt":"2021-04-23T07:21:02","guid":{"rendered":"http:\/\/www.lessau-ludwig-aufzuege.de\/wordpress\/?page_id=2"},"modified":"2021-07-14T20:49:54","modified_gmt":"2021-07-14T18:49:54","slug":"firma","status":"publish","type":"page","link":"https:\/\/www.lessau-ludwig-aufzuege.de\/","title":{"rendered":"Start"},"content":{"rendered":"\r\n<p>Wir freuen uns, Sie auf unserer Website begr\u00fc\u00dfen zu d\u00fcrfen, um sich \u00fcber unsere Leistungen \/ Service zu informieren.<\/p>\r\n\r\n\r\n\r\n<p>Seit mehr als 30 Jahren sind wir in\u00a0Th\u00fcringen, Sachsen, Sachsen-Anhalt und Bayern im Aufzugsbau t\u00e4tig.<\/p>\r\n\r\n\r\n\r\n<p>Unser Team besteht derzeit aus 13 qualifizierten Mitarbeitern,\u00a0aus den Bereichen Mechatronik und Elektronik,\u00a0welche durch Schulungen und Weiterbildungen stets auf dem aktuellsten Stand sind,\u00a0um Ihnen u.a. f\u00fcr die Planung\u00a0und Montage von Neuanlagen, Modernisierung von Altanlagen, Wartungen, Instandhaltungen und Reparaturen von Anlagen und Notdiensteins\u00e4tze zur Verf\u00fcgung zu stehen.<\/p>\r\n\r\n\r\n\r\n<figure class=\"wp-block-image size-large\"><img loading=\"lazy\" decoding=\"async\" width=\"379\" height=\"285\" class=\"wp-image-100\" src=\"https:\/\/www.lessau-ludwig-aufzuege.de\/wordpress\/wp-content\/uploads\/2021\/07\/image.png\" alt=\"\" srcset=\"https:\/\/www.lessau-ludwig-aufzuege.de\/wp-content\/uploads\/2021\/07\/image.png 379w, https:\/\/www.lessau-ludwig-aufzuege.de\/wp-content\/uploads\/2021\/07\/image-300x226.png 300w\" sizes=\"auto, (max-width: 379px) 100vw, 379px\" \/><\/figure>\r\n\r\n\r\n\r\n<h2 class=\"wp-block-heading\"><strong>\u00dcberblick unserer Le<\/strong><strong>istungen \/ Ser<\/strong><strong>v<\/strong><strong>ice:<\/strong><\/h2>\r\n\r\n\r\n\r\n<ul class=\"wp-block-list\">\r\n<li>Hydraulische Aufz\u00fcge \/ Seilaufz\u00fcge<\/li>\r\n<li>Planung und Montage von Neuanlagen<\/li>\r\n<li>Modernisierung von Altanlagen<\/li>\r\n<li>Wartung \/ Z\u00dcS-Pr\u00fcfung<\/li>\r\n<li>Instandhaltung \/ Reparatur von Aufz\u00fcgen \/ Notdiensteinsatz<\/li>\r\n<li>Erstellung von Gef\u00e4hrdungsbeurteilungen nach BetrSichV<\/li>\r\n<li>elektrische Pr\u00fcfung nach DGUV V3<\/li>\r\n<\/ul>\r\n<p>&nbsp;<\/p>\r\n<p><a href=\"https:\/\/www.lessau-ludwig-aufzuege.de\/index.php\/kontakt\/\">Vielen Dank f\u00fcr Ihre Anfrage.<\/a><\/p>\r\n","protected":false},"excerpt":{"rendered":"<p>Wir freuen uns, Sie auf unserer Website begr\u00fc\u00dfen zu d\u00fcrfen, um sich \u00fcber unsere Leistungen \/ Service zu informieren. Seit mehr als 30 Jahren sind wir in\u00a0Th\u00fcringen, Sachsen, Sachsen-Anhalt und Bayern im Aufzugsbau t\u00e4tig. Unser Team besteht derzeit aus 13 &hellip; <a href=\"https:\/\/www.lessau-ludwig-aufzuege.de\/\">Weiter<\/a><\/p>\n","protected":false},"author":1,"featured_media":22,"parent":0,"menu_order":0,"comment_status":"closed","ping_status":"closed","template":"","meta":{"kt_blocks_editor_width":"","footnotes":""},"class_list":["post-2","page","type-page","status-publish","has-post-thumbnail","hentry"],"_links":{"self":[{"href":"https:\/\/www.lessau-ludwig-aufzuege.de\/index.php\/wp-json\/wp\/v2\/pages\/2","targetHints":{"allow":["GET"]}}],"collection":[{"href":"https:\/\/www.lessau-ludwig-aufzuege.de\/index.php\/wp-json\/wp\/v2\/pages"}],"about":[{"href":"https:\/\/www.lessau-ludwig-aufzuege.de\/index.php\/wp-json\/wp\/v2\/types\/page"}],"author":[{"embeddable":true,"href":"https:\/\/www.lessau-ludwig-aufzuege.de\/index.php\/wp-json\/wp\/v2\/users\/1"}],"replies":[{"embeddable":true,"href":"https:\/\/www.lessau-ludwig-aufzuege.de\/index.php\/wp-json\/wp\/v2\/comments?post=2"}],"version-history":[{"count":14,"href":"https:\/\/www.lessau-ludwig-aufzuege.de\/index.php\/wp-json\/wp\/v2\/pages\/2\/revisions"}],"predecessor-version":[{"id":163,"href":"https:\/\/www.lessau-ludwig-aufzuege.de\/index.php\/wp-json\/wp\/v2\/pages\/2\/revisions\/163"}],"wp:featuredmedia":[{"embeddable":true,"href":"https:\/\/www.lessau-ludwig-aufzuege.de\/index.php\/wp-json\/wp\/v2\/media\/22"}],"wp:attachment":[{"href":"https:\/\/www.lessau-ludwig-aufzuege.de\/index.php\/wp-json\/wp\/v2\/media?parent=2"}],"curies":[{"name":"wp","href":"https:\/\/api.w.org\/{rel}","templated":true}]}}